{"id":16437,"date":"2022-11-24T11:58:42","date_gmt":"2022-11-24T10:58:42","guid":{"rendered":"https:\/\/innova.moreawesome.co\/tendencias\/"},"modified":"2025-02-17T05:52:59","modified_gmt":"2025-02-17T04:52:59","slug":"trends","status":"publish","type":"page","link":"https:\/\/www.innovamarketinsights.com\/es\/trends\/","title":{"rendered":"Tendencias"},"content":{"rendered":"\t\t<div data-elementor-type=\"wp-page\" data-elementor-id=\"16437\" class=\"elementor elementor-16437 elementor-4151\" data-elementor-post-type=\"page\">\n\t\t\t\t<div class=\"elementor-element elementor-element-3508ca3f e-con-full e-flex e-con e-parent\" data-id=\"3508ca3f\" data-element_type=\"container\" data-e-type=\"container\">\n\t\t\t\t<div class=\"elementor-element elementor-element-7785c347 elementor-grid-1 elementor-posts--thumbnail-top elementor-grid-tablet-2 elementor-grid-mobile-1 elementor-widget elementor-widget-posts\" data-id=\"7785c347\" data-element_type=\"widget\" data-e-type=\"widget\" data-settings=\"{&quot;custom_columns&quot;:&quot;1&quot;,&quot;custom_post_slider&quot;:&quot;yes&quot;,&quot;custom_slides_to_show&quot;:&quot;1&quot;,&quot;custom_navigation&quot;:&quot;none&quot;,&quot;custom_autoplay_speed&quot;:10000,&quot;custom_speed&quot;:1000,&quot;custom_infinite&quot;:&quot;no&quot;,&quot;custom_columns_tablet&quot;:&quot;2&quot;,&quot;custom_columns_mobile&quot;:&quot;1&quot;,&quot;custom_row_gap&quot;:{&quot;unit&quot;:&quot;px&quot;,&quot;size&quot;:35,&quot;sizes&quot;:[]},&quot;custom_row_gap_tablet&quot;:{&quot;unit&quot;:&quot;px&quot;,&quot;size&quot;:&quot;&quot;,&quot;sizes&quot;:[]},&quot;custom_row_gap_mobile&quot;:{&quot;unit&quot;:&quot;px&quot;,&quot;size&quot;:&quot;&quot;,&quot;sizes&quot;:[]},&quot;custom_slide_gap&quot;:{&quot;unit&quot;:&quot;px&quot;,&quot;size&quot;:15,&quot;sizes&quot;:[]},&quot;custom_pause_on_hover&quot;:&quot;yes&quot;,&quot;custom_autoplay&quot;:&quot;yes&quot;,&quot;custom_direction&quot;:&quot;ltr&quot;}\" data-widget_type=\"posts.custom\">\n\t\t\t\t<div class=\"elementor-widget-container\">\n\t\t\t\t\t<div class=\"elementor-main-swiper swiper-container swiper\">      <div class=\"ecs-posts elementor-posts-container elementor-posts swiper-wrapper   elementor-posts--skin-custom\" data-settings=\"{&quot;current_page&quot;:1,&quot;max_num_pages&quot;:0,&quot;load_method&quot;:&quot;&quot;,&quot;widget_id&quot;:&quot;7785c347&quot;,&quot;post_id&quot;:16437,&quot;theme_id&quot;:16437,&quot;change_url&quot;:false,&quot;reinit_js&quot;:false}\">\n      <div class=\"elementor-posts-nothing-found\"><\/div>\t\t<\/div>\n\t\t\t\t\t\t\t\t\t\t\t\t\t<\/div>\t\t\t\t<\/div>\n\t\t\t\t<\/div>\n\t\t\t\t<\/div>\n\t\t<div class=\"elementor-element elementor-element-1a7ab50 e-flex e-con-boxed e-con e-parent\" data-id=\"1a7ab50\" data-element_type=\"container\" data-e-type=\"container\">\n\t\t\t\t\t<div class=\"e-con-inner\">\n\t\t\t\t<div class=\"elementor-element elementor-element-06ca56e elementor-widget elementor-widget-text-editor\" data-id=\"06ca56e\" data-element_type=\"widget\" data-e-type=\"widget\" data-widget_type=\"text-editor.default\">\n\t\t\t\t<div class=\"elementor-widget-container\">\n\t\t\t\t\t\t\t\t\t<p><a href=\"https:\/\/staging.innovamarketinsights.com\/\">Inicio<\/a> | Tendencias<\/p>\n\t\t\t\t\t\t\t\t<\/div>\n\t\t\t\t<\/div>\n\t\t\t\t\t<\/div>\n\t\t\t\t<\/div>\n\t\t<div class=\"elementor-element elementor-element-1c47998 innova-container e-flex e-con-boxed e-con e-parent\" data-id=\"1c47998\" data-element_type=\"container\" data-e-type=\"container\" data-settings=\"{&quot;background_background&quot;:&quot;classic&quot;}\">\n\t\t\t\t\t<div class=\"e-con-inner\">\n\t\t\t\t<div class=\"elementor-element elementor-element-1e65055 elementor-widget elementor-widget-text-editor\" data-id=\"1e65055\" data-element_type=\"widget\" data-e-type=\"widget\" data-widget_type=\"text-editor.default\">\n\t\t\t\t<div class=\"elementor-widget-container\">\n\t\t\t\t\t\t\t\t\t<p>Desde los conocimientos globales que definen el sector en el informe anual de Innova sobre las diez tendencias m\u00e1s destacadas hasta lo que est\u00e1 marcando cada categor\u00eda e ingrediente. Benef\u00edciese de una previsi\u00f3n probada basada en datos s\u00f3lidos y un enfoque Insights 360 para un an\u00e1lisis completo.<\/p>\n\t\t\t\t\t\t\t\t<\/div>\n\t\t\t\t<\/div>\n\t\t\t\t\t<\/div>\n\t\t\t\t<\/div>\n\t\t<div class=\"elementor-element elementor-element-a99ce8a innova-container e-flex e-con-boxed e-con e-parent\" data-id=\"a99ce8a\" data-element_type=\"container\" data-e-type=\"container\" data-settings=\"{&quot;background_background&quot;:&quot;classic&quot;}\">\n\t\t\t\t\t<div class=\"e-con-inner\">\n\t\t<div class=\"elementor-element elementor-element-49a5ee5 e-con-full e-flex e-con e-child\" data-id=\"49a5ee5\" data-element_type=\"container\" data-e-type=\"container\">\n\t\t\t\t<div class=\"elementor-element elementor-element-882050d innova-heading-large elementor-widget elementor-widget-heading\" data-id=\"882050d\" data-element_type=\"widget\" data-e-type=\"widget\" data-widget_type=\"heading.default\">\n\t\t\t\t<div class=\"elementor-widget-container\">\n\t\t\t\t\t<h2 class=\"elementor-heading-title elementor-size-xl\">Tendencias actuales<\/h2>\t\t\t\t<\/div>\n\t\t\t\t<\/div>\n\t\t\t\t<div class=\"elementor-element elementor-element-edf1565 elementor-widget elementor-widget-text-editor\" data-id=\"edf1565\" data-element_type=\"widget\" data-e-type=\"widget\" data-widget_type=\"text-editor.default\">\n\t\t\t\t<div class=\"elementor-widget-container\">\n\t\t\t\t\t\t\t\t\t<p>De los sabores al envase, de las tendencias de las categor\u00edas al comportamiento del consumidor. Adel\u00e1ntese a las tendencias m\u00e1s significativas. Descubra las novedades y las implicaciones futuras para el sector.<\/p>\n\t\t\t\t\t\t\t\t<\/div>\n\t\t\t\t<\/div>\n\t\t\t\t<div class=\"elementor-element elementor-element-942f564 elementor-align-left innova-button-medium elementor-widget elementor-widget-button\" data-id=\"942f564\" data-element_type=\"widget\" data-e-type=\"widget\" data-widget_type=\"button.default\">\n\t\t\t\t<div class=\"elementor-widget-container\">\n\t\t\t\t\t\t\t\t\t<div class=\"elementor-button-wrapper\">\n\t\t\t\t\t<a class=\"elementor-button elementor-button-link elementor-size-lg\" href=\"https:\/\/www.innovamarketinsights.com\/es\/centro-de-tendencias\/\">\n\t\t\t\t\t\t<span class=\"elementor-button-content-wrapper\">\n\t\t\t\t\t\t<span class=\"elementor-button-icon\">\n\t\t\t\t<i aria-hidden=\"true\" class=\"fas fa-circle\"><\/i>\t\t\t<\/span>\n\t\t\t\t\t\t\t\t\t<span class=\"elementor-button-text\">Centro de tendencias<\/span>\n\t\t\t\t\t<\/span>\n\t\t\t\t\t<\/a>\n\t\t\t\t<\/div>\n\t\t\t\t\t\t\t\t<\/div>\n\t\t\t\t<\/div>\n\t\t\t\t<\/div>\n\t\t<div class=\"elementor-element elementor-element-3e87c72 e-con-full e-flex e-con e-child\" data-id=\"3e87c72\" data-element_type=\"container\" data-e-type=\"container\" id=\"trending_now\">\n\t\t\t\t<div class=\"elementor-element elementor-element-026020e elementor-widget elementor-widget-global elementor-global-20857 elementor-global-19328 elementor-widget-loop-carousel\" data-id=\"026020e\" data-element_type=\"widget\" data-e-type=\"widget\" data-settings=\"{&quot;template_id&quot;:20823,&quot;autoplay_speed&quot;:4000,&quot;_skin&quot;:&quot;post&quot;,&quot;slides_to_show&quot;:&quot;3&quot;,&quot;slides_to_show_tablet&quot;:&quot;2&quot;,&quot;slides_to_show_mobile&quot;:&quot;1&quot;,&quot;slides_to_scroll&quot;:&quot;1&quot;,&quot;edit_handle_selector&quot;:&quot;.elementor-loop-container&quot;,&quot;autoplay&quot;:&quot;yes&quot;,&quot;pause_on_hover&quot;:&quot;yes&quot;,&quot;pause_on_interaction&quot;:&quot;yes&quot;,&quot;infinite&quot;:&quot;yes&quot;,&quot;speed&quot;:500,&quot;offset_sides&quot;:&quot;none&quot;,&quot;image_spacing_custom&quot;:{&quot;unit&quot;:&quot;px&quot;,&quot;size&quot;:10,&quot;sizes&quot;:[]},&quot;image_spacing_custom_tablet&quot;:{&quot;unit&quot;:&quot;px&quot;,&quot;size&quot;:&quot;&quot;,&quot;sizes&quot;:[]},&quot;image_spacing_custom_mobile&quot;:{&quot;unit&quot;:&quot;px&quot;,&quot;size&quot;:&quot;&quot;,&quot;sizes&quot;:[]}}\" data-widget_type=\"loop-carousel.post\">\n\t\t\t\t<div class=\"elementor-widget-container\">\n\t\t\t\t\t\t\t<div class=\"e-loop-nothing-found-message\">\n\t\t<\/div>\n\t\t\t\t\t\t<\/div>\n\t\t\t\t<\/div>\n\t\t\t\t<\/div>\n\t\t\t\t\t<\/div>\n\t\t\t\t<\/div>\n\t\t<div class=\"elementor-element elementor-element-2448c5f2 innova-container e-flex e-con-boxed e-con e-parent\" data-id=\"2448c5f2\" data-element_type=\"container\" data-e-type=\"container\" data-settings=\"{&quot;background_background&quot;:&quot;classic&quot;}\">\n\t\t\t\t\t<div class=\"e-con-inner\">\n\t\t<div class=\"elementor-element elementor-element-e6166c5 e-flex e-con-boxed e-con e-child\" data-id=\"e6166c5\" data-element_type=\"container\" data-e-type=\"container\">\n\t\t\t\t\t<div class=\"e-con-inner\">\n\t\t\t\t<div class=\"elementor-element elementor-element-7ae0c817 innova-heading-large elementor-widget elementor-widget-heading\" data-id=\"7ae0c817\" data-element_type=\"widget\" data-e-type=\"widget\" data-widget_type=\"heading.default\">\n\t\t\t\t<div class=\"elementor-widget-container\">\n\t\t\t\t\t<h2 class=\"elementor-heading-title elementor-size-xl\">Informaci\u00f3n fiable sobre bienes de consumo<\/h2>\t\t\t\t<\/div>\n\t\t\t\t<\/div>\n\t\t\t\t<div class=\"elementor-element elementor-element-66ee176 elementor-widget elementor-widget-text-editor\" data-id=\"66ee176\" data-element_type=\"widget\" data-e-type=\"widget\" data-widget_type=\"text-editor.default\">\n\t\t\t\t<div class=\"elementor-widget-container\">\n\t\t\t\t\t\t\t\t\t<p>Las encuestas mundiales anuales de Innova revelan las opiniones y realidades que determinan las elecciones de los consumidores. La Base de datos Innova profundiza en los detalles exactos que sustentan la Innovaci\u00f3n. Nuestros expertos analistas e investigadores en cada pa\u00eds siguen el ritmo de las influencias y los desaf\u00edos que configuran las acciones de la industria. Todo ello conforma la informaci\u00f3n sobre tendencias en bienes de consumo m\u00e1s fiable y completa.<\/p>\n\t\t\t\t\t\t\t\t<\/div>\n\t\t\t\t<\/div>\n\t\t\t\t<div class=\"elementor-element elementor-element-8d85593 elementor-align-left innova-button-medium elementor-widget elementor-widget-button\" data-id=\"8d85593\" data-element_type=\"widget\" data-e-type=\"widget\" data-widget_type=\"button.default\">\n\t\t\t\t<div class=\"elementor-widget-container\">\n\t\t\t\t\t\t\t\t\t<div class=\"elementor-button-wrapper\">\n\t\t\t\t\t<a class=\"elementor-button elementor-button-link elementor-size-md\" href=\"https:\/\/www.innovamarketinsights.com\/es\/contactenos\/\">\n\t\t\t\t\t\t<span class=\"elementor-button-content-wrapper\">\n\t\t\t\t\t\t<span class=\"elementor-button-icon\">\n\t\t\t\t<i aria-hidden=\"true\" class=\"fas fa-circle\"><\/i>\t\t\t<\/span>\n\t\t\t\t\t\t\t\t\t<span class=\"elementor-button-text\">Cont\u00e1ctenos<\/span>\n\t\t\t\t\t<\/span>\n\t\t\t\t\t<\/a>\n\t\t\t\t<\/div>\n\t\t\t\t\t\t\t\t<\/div>\n\t\t\t\t<\/div>\n\t\t\t\t\t<\/div>\n\t\t\t\t<\/div>\n\t\t<div class=\"elementor-element elementor-element-406405b0 e-flex e-con-boxed e-con e-child\" data-id=\"406405b0\" data-element_type=\"container\" data-e-type=\"container\">\n\t\t\t\t\t<div class=\"e-con-inner\">\n\t\t\t\t<div class=\"elementor-element elementor-element-f11b860 elementor-widget elementor-widget-image\" data-id=\"f11b860\" data-element_type=\"widget\" data-e-type=\"widget\" data-widget_type=\"image.default\">\n\t\t\t\t<div class=\"elementor-widget-container\">\n\t\t\t\t\t\t\t\t\t\t\t\t\t\t\t<img fetchpriority=\"high\" decoding=\"async\" width=\"800\" height=\"725\" src=\"https:\/\/www.innovamarketinsights.com\/wp-content\/uploads\/2023\/01\/insights-360.png\" class=\"attachment-large size-large wp-image-13652\" alt=\"\" srcset=\"https:\/\/www.innovamarketinsights.com\/wp-content\/uploads\/2023\/01\/insights-360.png 1016w, https:\/\/www.innovamarketinsights.com\/wp-content\/uploads\/2023\/01\/insights-360-300x272.png 300w, https:\/\/www.innovamarketinsights.com\/wp-content\/uploads\/2023\/01\/insights-360-768x696.png 768w\" sizes=\"(max-width: 800px) 100vw, 800px\" \/>\t\t\t\t\t\t\t\t\t\t\t\t\t\t\t<\/div>\n\t\t\t\t<\/div>\n\t\t\t\t\t<\/div>\n\t\t\t\t<\/div>\n\t\t\t\t\t<\/div>\n\t\t\t\t<\/div>\n\t\t<div class=\"elementor-element elementor-element-434cb56a e-con-full e-flex e-con e-parent\" data-id=\"434cb56a\" data-element_type=\"container\" data-e-type=\"container\" data-settings=\"{&quot;background_background&quot;:&quot;classic&quot;}\">\n\t\t\t\t<div class=\"elementor-element elementor-element-6f0c3d10 elementor-grid-1 elementor-posts--thumbnail-top elementor-grid-tablet-2 elementor-grid-mobile-1 elementor-widget elementor-widget-posts\" data-id=\"6f0c3d10\" data-element_type=\"widget\" data-e-type=\"widget\" data-settings=\"{&quot;custom_columns&quot;:&quot;1&quot;,&quot;custom_columns_tablet&quot;:&quot;2&quot;,&quot;custom_columns_mobile&quot;:&quot;1&quot;,&quot;custom_row_gap&quot;:{&quot;unit&quot;:&quot;px&quot;,&quot;size&quot;:35,&quot;sizes&quot;:[]},&quot;custom_row_gap_tablet&quot;:{&quot;unit&quot;:&quot;px&quot;,&quot;size&quot;:&quot;&quot;,&quot;sizes&quot;:[]},&quot;custom_row_gap_mobile&quot;:{&quot;unit&quot;:&quot;px&quot;,&quot;size&quot;:&quot;&quot;,&quot;sizes&quot;:[]}}\" data-widget_type=\"posts.custom\">\n\t\t\t\t<div class=\"elementor-widget-container\">\n\t\t\t\t\t      <div class=\"ecs-posts elementor-posts-container elementor-posts   elementor-grid elementor-posts--skin-custom\" data-settings=\"{&quot;current_page&quot;:1,&quot;max_num_pages&quot;:0,&quot;load_method&quot;:&quot;&quot;,&quot;widget_id&quot;:&quot;6f0c3d10&quot;,&quot;post_id&quot;:16437,&quot;theme_id&quot;:16437,&quot;change_url&quot;:false,&quot;reinit_js&quot;:false}\">\n      <div class=\"elementor-posts-nothing-found\"><\/div>\t\t<\/div>\n\t\t\t\t\t\t<\/div>\n\t\t\t\t<\/div>\n\t\t\t\t<\/div>\n\t\t\t\t<\/div>\n\t\t","protected":false},"excerpt":{"rendered":"<p>Inicio | Tendencias Desde los conocimientos globales que definen el sector en el informe anual de Innova sobre las diez tendencias m\u00e1s destacadas hasta lo que est\u00e1 marcando cada categor\u00eda e ingrediente. Benef\u00edciese de una previsi\u00f3n probada basada en datos s\u00f3lidos y un enfoque Insights 360 para un an\u00e1lisis completo. Tendencias actuales De los sabores [&hellip;]<\/p>\n","protected":false},"author":14,"featured_media":33432,"parent":0,"menu_order":0,"comment_status":"closed","ping_status":"closed","template":"","meta":{"_acf_changed":false,"inline_featured_image":false,"footnotes":""},"class_list":["post-16437","page","type-page","status-publish","has-post-thumbnail","hentry"],"acf":[],"yoast_head":"<!-- This site is optimized with the Yoast SEO Premium plugin v27.4 (Yoast SEO v27.4) - https:\/\/yoast.com\/product\/yoast-seo-premium-wordpress\/ -->\n<title>Megatendencias mundiales, Tendencias de los consumidores, Tendencias en alimentos y bebidas<\/title>\n<meta name=\"description\" content=\"De los sabores al envase, de las tendencias de las categor\u00edas al comportamiento del consumidor. Las diez tendencias m\u00e1s destacadas de cada a\u00f1o en categor\u00edas e ingredientes\" \/>\n<meta name=\"robots\" content=\"index, follow, max-snippet:-1, max-image-preview:large, max-video-preview:-1\" \/>\n<link rel=\"canonical\" href=\"https:\/\/www.innovamarketinsights.com\/es\/trends\/\" \/>\n<meta name=\"twitter:label1\" content=\"Tiempo de lectura\" \/>\n\t<meta name=\"twitter:data1\" content=\"2 minutos\" \/>\n<script type=\"application\/ld+json\" class=\"yoast-schema-graph\">{\"@context\":\"https:\\\/\\\/schema.org\",\"@graph\":[{\"@type\":\"WebPage\",\"@id\":\"https:\\\/\\\/www.innovamarketinsights.com\\\/es\\\/trends\\\/\",\"url\":\"https:\\\/\\\/www.innovamarketinsights.com\\\/es\\\/trends\\\/\",\"name\":\"Megatendencias mundiales, Tendencias de los consumidores, Tendencias en alimentos y bebidas\",\"isPartOf\":{\"@id\":\"https:\\\/\\\/www.innovamarketinsights.com\\\/es\\\/#website\"},\"primaryImageOfPage\":{\"@id\":\"https:\\\/\\\/www.innovamarketinsights.com\\\/es\\\/trends\\\/#primaryimage\"},\"image\":{\"@id\":\"https:\\\/\\\/www.innovamarketinsights.com\\\/es\\\/trends\\\/#primaryimage\"},\"thumbnailUrl\":\"https:\\\/\\\/www.innovamarketinsights.com\\\/wp-content\\\/uploads\\\/2024\\\/11\\\/global-food-trends.png\",\"datePublished\":\"2022-11-24T10:58:42+00:00\",\"dateModified\":\"2025-02-17T04:52:59+00:00\",\"description\":\"De los sabores al envase, de las tendencias de las categor\u00edas al comportamiento del consumidor. Las diez tendencias m\u00e1s destacadas de cada a\u00f1o en categor\u00edas e ingredientes\",\"inLanguage\":\"es\",\"potentialAction\":[{\"@type\":\"ReadAction\",\"target\":[\"https:\\\/\\\/www.innovamarketinsights.com\\\/es\\\/trends\\\/\"]}]},{\"@type\":\"ImageObject\",\"inLanguage\":\"es\",\"@id\":\"https:\\\/\\\/www.innovamarketinsights.com\\\/es\\\/trends\\\/#primaryimage\",\"url\":\"https:\\\/\\\/www.innovamarketinsights.com\\\/wp-content\\\/uploads\\\/2024\\\/11\\\/global-food-trends.png\",\"contentUrl\":\"https:\\\/\\\/www.innovamarketinsights.com\\\/wp-content\\\/uploads\\\/2024\\\/11\\\/global-food-trends.png\",\"width\":1409,\"height\":939,\"caption\":\"global food trends\"},{\"@type\":\"WebSite\",\"@id\":\"https:\\\/\\\/www.innovamarketinsights.com\\\/es\\\/#website\",\"url\":\"https:\\\/\\\/www.innovamarketinsights.com\\\/es\\\/\",\"name\":\"Innova Market Insights - Your Insights Partner for Growth\",\"description\":\"Innova combines consumer, category, product, ingredient, flavor and packaging insights. Giving you the detail as well as the bigger picture.\",\"publisher\":{\"@id\":\"https:\\\/\\\/www.innovamarketinsights.com\\\/es\\\/#organization\"},\"potentialAction\":[{\"@type\":\"SearchAction\",\"target\":{\"@type\":\"EntryPoint\",\"urlTemplate\":\"https:\\\/\\\/www.innovamarketinsights.com\\\/es\\\/?s={search_term_string}\"},\"query-input\":{\"@type\":\"PropertyValueSpecification\",\"valueRequired\":true,\"valueName\":\"search_term_string\"}}],\"inLanguage\":\"es\"},{\"@type\":\"Organization\",\"@id\":\"https:\\\/\\\/www.innovamarketinsights.com\\\/es\\\/#organization\",\"name\":\"Innova Market Insights\",\"url\":\"https:\\\/\\\/www.innovamarketinsights.com\\\/es\\\/\",\"logo\":{\"@type\":\"ImageObject\",\"inLanguage\":\"es\",\"@id\":\"https:\\\/\\\/www.innovamarketinsights.com\\\/es\\\/#\\\/schema\\\/logo\\\/image\\\/\",\"url\":\"https:\\\/\\\/www.innovamarketinsights.com\\\/wp-content\\\/uploads\\\/2022\\\/04\\\/Logo-full.svg\",\"contentUrl\":\"https:\\\/\\\/www.innovamarketinsights.com\\\/wp-content\\\/uploads\\\/2022\\\/04\\\/Logo-full.svg\",\"width\":158,\"height\":56,\"caption\":\"Innova Market Insights\"},\"image\":{\"@id\":\"https:\\\/\\\/www.innovamarketinsights.com\\\/es\\\/#\\\/schema\\\/logo\\\/image\\\/\"},\"sameAs\":[\"https:\\\/\\\/www.facebook.com\\\/innovamarketinsights\\\/\",\"https:\\\/\\\/x.com\\\/innovatrending\",\"https:\\\/\\\/www.linkedin.com\\\/company\\\/innovamarketinsights\\\/\"]}]}<\/script>\n<!-- \/ Yoast SEO Premium plugin. -->","yoast_head_json":{"title":"Megatendencias mundiales, Tendencias de los consumidores, Tendencias en alimentos y bebidas","description":"De los sabores al envase, de las tendencias de las categor\u00edas al comportamiento del consumidor. Las diez tendencias m\u00e1s destacadas de cada a\u00f1o en categor\u00edas e ingredientes","robots":{"index":"index","follow":"follow","max-snippet":"max-snippet:-1","max-image-preview":"max-image-preview:large","max-video-preview":"max-video-preview:-1"},"canonical":"https:\/\/www.innovamarketinsights.com\/es\/trends\/","twitter_misc":{"Tiempo de lectura":"2 minutos"},"schema":{"@context":"https:\/\/schema.org","@graph":[{"@type":"WebPage","@id":"https:\/\/www.innovamarketinsights.com\/es\/trends\/","url":"https:\/\/www.innovamarketinsights.com\/es\/trends\/","name":"Megatendencias mundiales, Tendencias de los consumidores, Tendencias en alimentos y bebidas","isPartOf":{"@id":"https:\/\/www.innovamarketinsights.com\/es\/#website"},"primaryImageOfPage":{"@id":"https:\/\/www.innovamarketinsights.com\/es\/trends\/#primaryimage"},"image":{"@id":"https:\/\/www.innovamarketinsights.com\/es\/trends\/#primaryimage"},"thumbnailUrl":"https:\/\/www.innovamarketinsights.com\/wp-content\/uploads\/2024\/11\/global-food-trends.png","datePublished":"2022-11-24T10:58:42+00:00","dateModified":"2025-02-17T04:52:59+00:00","description":"De los sabores al envase, de las tendencias de las categor\u00edas al comportamiento del consumidor. Las diez tendencias m\u00e1s destacadas de cada a\u00f1o en categor\u00edas e ingredientes","inLanguage":"es","potentialAction":[{"@type":"ReadAction","target":["https:\/\/www.innovamarketinsights.com\/es\/trends\/"]}]},{"@type":"ImageObject","inLanguage":"es","@id":"https:\/\/www.innovamarketinsights.com\/es\/trends\/#primaryimage","url":"https:\/\/www.innovamarketinsights.com\/wp-content\/uploads\/2024\/11\/global-food-trends.png","contentUrl":"https:\/\/www.innovamarketinsights.com\/wp-content\/uploads\/2024\/11\/global-food-trends.png","width":1409,"height":939,"caption":"global food trends"},{"@type":"WebSite","@id":"https:\/\/www.innovamarketinsights.com\/es\/#website","url":"https:\/\/www.innovamarketinsights.com\/es\/","name":"Innova Market Insights - Your Insights Partner for Growth","description":"Innova combines consumer, category, product, ingredient, flavor and packaging insights. Giving you the detail as well as the bigger picture.","publisher":{"@id":"https:\/\/www.innovamarketinsights.com\/es\/#organization"},"potentialAction":[{"@type":"SearchAction","target":{"@type":"EntryPoint","urlTemplate":"https:\/\/www.innovamarketinsights.com\/es\/?s={search_term_string}"},"query-input":{"@type":"PropertyValueSpecification","valueRequired":true,"valueName":"search_term_string"}}],"inLanguage":"es"},{"@type":"Organization","@id":"https:\/\/www.innovamarketinsights.com\/es\/#organization","name":"Innova Market Insights","url":"https:\/\/www.innovamarketinsights.com\/es\/","logo":{"@type":"ImageObject","inLanguage":"es","@id":"https:\/\/www.innovamarketinsights.com\/es\/#\/schema\/logo\/image\/","url":"https:\/\/www.innovamarketinsights.com\/wp-content\/uploads\/2022\/04\/Logo-full.svg","contentUrl":"https:\/\/www.innovamarketinsights.com\/wp-content\/uploads\/2022\/04\/Logo-full.svg","width":158,"height":56,"caption":"Innova Market Insights"},"image":{"@id":"https:\/\/www.innovamarketinsights.com\/es\/#\/schema\/logo\/image\/"},"sameAs":["https:\/\/www.facebook.com\/innovamarketinsights\/","https:\/\/x.com\/innovatrending","https:\/\/www.linkedin.com\/company\/innovamarketinsights\/"]}]}},"_links":{"self":[{"href":"https:\/\/www.innovamarketinsights.com\/es\/wp-json\/wp\/v2\/pages\/16437","targetHints":{"allow":["GET"]}}],"collection":[{"href":"https:\/\/www.innovamarketinsights.com\/es\/wp-json\/wp\/v2\/pages"}],"about":[{"href":"https:\/\/www.innovamarketinsights.com\/es\/wp-json\/wp\/v2\/types\/page"}],"author":[{"embeddable":true,"href":"https:\/\/www.innovamarketinsights.com\/es\/wp-json\/wp\/v2\/users\/14"}],"replies":[{"embeddable":true,"href":"https:\/\/www.innovamarketinsights.com\/es\/wp-json\/wp\/v2\/comments?post=16437"}],"version-history":[{"count":28,"href":"https:\/\/www.innovamarketinsights.com\/es\/wp-json\/wp\/v2\/pages\/16437\/revisions"}],"predecessor-version":[{"id":39968,"href":"https:\/\/www.innovamarketinsights.com\/es\/wp-json\/wp\/v2\/pages\/16437\/revisions\/39968"}],"wp:featuredmedia":[{"embeddable":true,"href":"https:\/\/www.innovamarketinsights.com\/es\/wp-json\/wp\/v2\/media\/33432"}],"wp:attachment":[{"href":"https:\/\/www.innovamarketinsights.com\/es\/wp-json\/wp\/v2\/media?parent=16437"}],"curies":[{"name":"wp","href":"https:\/\/api.w.org\/{rel}","templated":true}]}}